{"id":987496432,"date":"2023-10-15T18:48:51","date_gmt":"2023-10-15T16:48:51","guid":{"rendered":"https:\/\/touchtheclouds.de\/contact-us\/approach\/"},"modified":"2026-04-08T19:19:04","modified_gmt":"2026-04-08T17:19:04","slug":"approach","status":"publish","type":"page","link":"https:\/\/touchtheclouds.de\/en\/contact-us\/approach\/","title":{"rendered":"Approach"},"content":{"rendered":"<p>[et_pb_section fb_built=&#8221;1&#8243; fullwidth=&#8221;on&#8221; _builder_version=&#8221;4.24.2&#8243; _module_preset=&#8221;default&#8221; vertical_offset_tablet=&#8221;0&#8243; horizontal_offset_tablet=&#8221;0&#8243; da_disable_devices=&#8221;off|off|off&#8221; box_shadow_horizontal_tablet=&#8221;0px&#8221; box_shadow_vertical_tablet=&#8221;0px&#8221; box_shadow_blur_tablet=&#8221;40px&#8221; box_shadow_spread_tablet=&#8221;0px&#8221; global_colors_info=&#8221;{}&#8221; theme_builder_area=&#8221;post_content&#8221; da_is_popup=&#8221;off&#8221; da_exit_intent=&#8221;off&#8221; da_has_close=&#8221;on&#8221; da_alt_close=&#8221;off&#8221; da_dark_close=&#8221;off&#8221; da_not_modal=&#8221;on&#8221; da_is_singular=&#8221;off&#8221; da_with_loader=&#8221;off&#8221; da_has_shadow=&#8221;on&#8221;][et_pb_fullwidth_header header_scroll_down=&#8221;on&#8221; _builder_version=&#8221;4.27.6&#8243; _module_preset=&#8221;default&#8221; background_enable_color=&#8221;off&#8221; background_image=&#8221;https:\/\/touchtheclouds.de\/wp-content\/uploads\/2024\/03\/Bildschirmfoto-2024-03-05-um-15.44.24.png&#8221; custom_margin=&#8221;-150px||||false|false&#8221; custom_margin_tablet=&#8221;-150px||||false|false&#8221; custom_margin_phone=&#8221;-150px||||false|false&#8221; custom_margin_last_edited=&#8221;on|desktop&#8221; custom_padding=&#8221;400px||400px||true|false&#8221; custom_padding_tablet=&#8221;400px||400px||true|false&#8221; custom_padding_phone=&#8221;300px||300px||true|false&#8221; custom_padding_last_edited=&#8221;on|desktop&#8221; background_last_edited=&#8221;on|phone&#8221; background_position_phone=&#8221;center_left&#8221; global_colors_info=&#8221;{}&#8221; theme_builder_area=&#8221;post_content&#8221;][\/et_pb_fullwidth_header][\/et_pb_section][et_pb_section fb_built=&#8221;1&#8243; _builder_version=&#8221;4.24.2&#8243; _module_preset=&#8221;default&#8221; background_color=&#8221;#177b8f&#8221; custom_margin=&#8221;||0px||false|false&#8221; custom_padding=&#8221;||0px|||&#8221; da_disable_devices=&#8221;off|off|off&#8221; global_colors_info=&#8221;{}&#8221; theme_builder_area=&#8221;post_content&#8221; da_is_popup=&#8221;off&#8221; da_exit_intent=&#8221;off&#8221; da_has_close=&#8221;on&#8221; da_alt_close=&#8221;off&#8221; da_dark_close=&#8221;off&#8221; da_not_modal=&#8221;on&#8221; da_is_singular=&#8221;off&#8221; da_with_loader=&#8221;off&#8221; da_has_shadow=&#8221;on&#8221;][et_pb_row _builder_version=&#8221;4.24.2&#8243; _module_preset=&#8221;default&#8221; custom_margin=&#8221;0px||0px||false|false&#8221; custom_padding=&#8221;0px||0px||false|false&#8221; animation_style=&#8221;fade&#8221; global_colors_info=&#8221;{}&#8221; theme_builder_area=&#8221;post_content&#8221;][et_pb_column type=&#8221;4_4&#8243; _builder_version=&#8221;4.22.2&#8243; _module_preset=&#8221;default&#8221; global_colors_info=&#8221;{}&#8221; theme_builder_area=&#8221;post_content&#8221;][et_pb_text content_tablet=&#8221;<\/p>\n<h1 style=%22text-align: center;%22><span>Approach<\/span><\/h1>\n<p>&#8221; content_phone=&#8221;<\/p>\n<h1 style=%22text-align: center;%22><span>Approach<\/span><\/h1>\n<p>&#8221; content_last_edited=&#8221;on|phone&#8221; _builder_version=&#8221;4.27.6&#8243; _module_preset=&#8221;default&#8221; header_font=&#8221;Inter|600|||||||&#8221; header_font_size=&#8221;45px&#8221; header_line_height=&#8221;48px&#8221; custom_margin=&#8221;0px||40px||false|false&#8221; custom_padding=&#8221;||||false|false&#8221; header_font_size_tablet=&#8221;45px&#8221; header_font_size_phone=&#8221;38px&#8221; header_font_size_last_edited=&#8221;on|phone&#8221; header_line_height_tablet=&#8221;48px&#8221; header_line_height_phone=&#8221;48px&#8221; header_line_height_last_edited=&#8221;on|phone&#8221; global_colors_info=&#8221;{}&#8221; theme_builder_area=&#8221;post_content&#8221;]<\/p>\n<h1 style=\"text-align: center;\"><span>Approach<\/span><\/h1>\n<p>[\/et_pb_text][\/et_pb_column][\/et_pb_row][\/et_pb_section][et_pb_section fb_built=&#8221;1&#8243; _builder_version=&#8221;4.24.2&#8243; _module_preset=&#8221;default&#8221; background_color=&#8221;#177b8f&#8221; vertical_offset_tablet=&#8221;0&#8243; horizontal_offset_tablet=&#8221;0&#8243; custom_margin=&#8221;-1px||||false|false&#8221; custom_padding=&#8221;0px||||false|false&#8221; da_disable_devices=&#8221;off|off|off&#8221; box_shadow_horizontal_tablet=&#8221;0px&#8221; box_shadow_vertical_tablet=&#8221;0px&#8221; box_shadow_blur_tablet=&#8221;40px&#8221; box_shadow_spread_tablet=&#8221;0px&#8221; global_colors_info=&#8221;{}&#8221; theme_builder_area=&#8221;post_content&#8221; da_is_popup=&#8221;off&#8221; da_exit_intent=&#8221;off&#8221; da_has_close=&#8221;on&#8221; da_alt_close=&#8221;off&#8221; da_dark_close=&#8221;off&#8221; da_not_modal=&#8221;on&#8221; da_is_singular=&#8221;off&#8221; da_with_loader=&#8221;off&#8221; da_has_shadow=&#8221;on&#8221;][et_pb_row _builder_version=&#8221;4.23.1&#8243; _module_preset=&#8221;default&#8221; global_colors_info=&#8221;{}&#8221; theme_builder_area=&#8221;post_content&#8221;][et_pb_column type=&#8221;4_4&#8243; _builder_version=&#8221;4.23.1&#8243; _module_preset=&#8221;default&#8221; global_colors_info=&#8221;{}&#8221; theme_builder_area=&#8221;post_content&#8221;][et_pb_code _builder_version=&#8221;4.27.6&#8243; _module_preset=&#8221;default&#8221; global_colors_info=&#8221;{}&#8221; theme_builder_area=&#8221;post_content&#8221;]<iframe src=\"https:\/\/www.google.com\/maps\/embed?pb=!1m18!1m12!1m3!1d3578.6255048780754!2d11.428202312769145!3d48.12637517112243!2m3!1f0!2f0!3f0!3m2!1i1024!2i768!4f13.1!3m3!1m2!1s0x479dd7deb9eb7703%3A0xcf7b44df156a6dc9!2sG-Town%20Track!5e1!3m2!1sde!2sde!4v1775648152630!5m2!1sde!2sde\" width=\"100%\" height=\"800\" style=\"border:0;\" align=\"center\" allowfullscreen=\"yes\" loading=\"lazy\" referrerpolicy=\"no-referrer-when-downgrade\"><\/iframe>[\/et_pb_code][\/et_pb_column][\/et_pb_row][et_pb_row column_structure=&#8221;1_2,1_2&#8243; _builder_version=&#8221;4.23.1&#8243; _module_preset=&#8221;default&#8221; global_colors_info=&#8221;{}&#8221; theme_builder_area=&#8221;post_content&#8221;][et_pb_column type=&#8221;1_2&#8243; _builder_version=&#8221;4.23.1&#8243; _module_preset=&#8221;default&#8221; global_colors_info=&#8221;{}&#8221; theme_builder_area=&#8221;post_content&#8221;][et_pb_blurb title=&#8221;Location \/ approach:&#8221; _builder_version=&#8221;4.27.6&#8243; _module_preset=&#8221;default&#8221; header_font=&#8221;Inter|600|||||||&#8221; header_text_color=&#8221;#d8d94e&#8221; header_font_size=&#8221;28px&#8221; body_font=&#8221;Lato||||||||&#8221; body_text_color=&#8221;#FFFFFF&#8221; body_line_height=&#8221;28px&#8221; custom_padding=&#8221;24px|24px|24px|24px|false|false&#8221; locked=&#8221;off&#8221; global_colors_info=&#8221;{}&#8221; theme_builder_area=&#8221;post_content&#8221;]<\/p>\n<div id=\"block-7\" class=\"widget widget_block widget_text\">\n<p>The G-Town Track (Navigation: Adalbert-Stifter-Stra\u00dfe 4) is easily accessible by public transport:<\/p>\n<p><strong>With the S-Bahn S 6:<span> <\/span><\/strong><\/p>\n<p>Lochham stop &#8211; from here a short walk to the school via the south exit<\/p>\n<p><strong>By bus:<\/strong><\/p>\n<p>160 Allach &#8211; Waldfriedhof<br \/><span style=\"font-size: 18px;\">258 Lochham &#8211; Planegg<br \/><\/span><span style=\"font-size: 18px;\">267 Neuaubing &#8211; F\u00fcrstenried-West<br \/><\/span><span style=\"font-size: 18px;\">268 Gro\u00dfhadern &#8211; Planegg<\/span><\/p>\n<p><strong>By car:<span> <\/span><\/strong><\/p>\n<p>Parking lot at Adalbert-Stifter-Stra\u00dfe 4 (turning off Rottenbucherstra\u00dfe) &#8211; limited parking<\/p>\n<\/div>\n<div id=\"block-8\" class=\"widget widget_block widget_text\"><\/div>\n<p>[\/et_pb_blurb][\/et_pb_column][et_pb_column type=&#8221;1_2&#8243; _builder_version=&#8221;4.23.1&#8243; _module_preset=&#8221;default&#8221; global_colors_info=&#8221;{}&#8221; theme_builder_area=&#8221;post_content&#8221;][\/et_pb_column][\/et_pb_row][\/et_pb_section]<\/p>\n","protected":false},"excerpt":{"rendered":"<p>Approach The G-Town Track (Navigation: Adalbert-Stifter-Stra\u00dfe 4) is easily accessible by public transport: With the S-Bahn S 6: Lochham stop &#8211; from here a short walk to the school via the south exit By bus: 160 Allach &#8211; Waldfriedhof258 Lochham &#8211; Planegg267 Neuaubing &#8211; F\u00fcrstenried-West268 Gro\u00dfhadern &#8211; Planegg By car: Parking lot at Adalbert-Stifter-Stra\u00dfe 4 [&hellip;]<\/p>\n","protected":false},"author":2,"featured_media":0,"parent":987496429,"menu_order":0,"comment_status":"closed","ping_status":"closed","template":"","meta":{"_et_pb_use_builder":"on","_et_pb_old_content":"","_et_gb_content_width":"","inline_featured_image":false,"footnotes":""},"class_list":["post-987496432","page","type-page","status-publish","hentry"],"_links":{"self":[{"href":"https:\/\/touchtheclouds.de\/en\/wp-json\/wp\/v2\/pages\/987496432","targetHints":{"allow":["GET"]}}],"collection":[{"href":"https:\/\/touchtheclouds.de\/en\/wp-json\/wp\/v2\/pages"}],"about":[{"href":"https:\/\/touchtheclouds.de\/en\/wp-json\/wp\/v2\/types\/page"}],"author":[{"embeddable":true,"href":"https:\/\/touchtheclouds.de\/en\/wp-json\/wp\/v2\/users\/2"}],"replies":[{"embeddable":true,"href":"https:\/\/touchtheclouds.de\/en\/wp-json\/wp\/v2\/comments?post=987496432"}],"version-history":[{"count":0,"href":"https:\/\/touchtheclouds.de\/en\/wp-json\/wp\/v2\/pages\/987496432\/revisions"}],"up":[{"embeddable":true,"href":"https:\/\/touchtheclouds.de\/en\/wp-json\/wp\/v2\/pages\/987496429"}],"wp:attachment":[{"href":"https:\/\/touchtheclouds.de\/en\/wp-json\/wp\/v2\/media?parent=987496432"}],"curies":[{"name":"wp","href":"https:\/\/api.w.org\/{rel}","templated":true}]}}